{"id":55,"date":"2021-01-24T07:35:17","date_gmt":"2021-01-24T07:35:17","guid":{"rendered":"https:\/\/soundlit-studio.com\/?page_id=55"},"modified":"2026-05-01T13:01:01","modified_gmt":"2026-05-01T13:01:01","slug":"home","status":"publish","type":"page","link":"https:\/\/soundlit-studio.com\/id\/","title":{"rendered":"Home"},"content":{"rendered":"<section id=\"scroll-container\" class=\"section--home-page\">\n<div class=\"horiz-scroll-wrapper\">\n<div class=\"horiz-scroll-inner\">\n<div class=\"slide one\" data-parallax=\"scroll\" data-image-src=\"\/wp-content\/uploads\/2021\/02\/bg-home_1.jpg\">\n<div class=\"tagline\">\n<div id=\"bars\">\n<div class=\"bar\">\u00a0<\/div>\n<div class=\"bar\">\u00a0<\/div>\n<div class=\"bar\">\u00a0<\/div>\n<div class=\"bar\">\u00a0<\/div>\n<div class=\"bar\">\u00a0<\/div>\n<div class=\"bar\">\u00a0<\/div>\n<div class=\"bar\">\u00a0<\/div>\n<\/div>\n<h5>Digital Audio Agency<\/h5>\n<h1 data-splitting=\"\">Recall your brand <br \/>and evoke the emotions.<\/h1>\n<h3>Soundlit Studio design audio experiences to <br \/>amplify your brand and stand out from the crowd.<\/h3>\n<a>Scroll to Right <img decoding=\"async\" src=\"\/wp-content\/uploads\/2021\/02\/right-arrow.png\" \/><\/a><\/div>\n<\/div>\n<div class=\"slide two\">\u00a0<\/div>\n<div class=\"slide three\">\n<div class=\"header\">\n<h2>Listen to the sound of Soundlit Studio<\/h2>\n<h5>We define our audio branding identity throught a multiple touchpoints<\/h5>\n<div class=\"player-container\">\n<div class=\"player\"><video id=\"video\" src=\"\/wp-content\/uploads\/2021\/02\/Video-for-home-page-1.mp4\" controls=\"controls\" width=\"300\" height=\"150\"><\/video><\/div>\n<\/div>\n<\/div>\n<a href=\"\/id\/works\/\">Explore how we discover our audio logo <i class=\"fa fa-long-arrow-right ml-2\"><\/i><\/a><\/div>\n<div class=\"slide four\">\n<div class=\"top-work-banner\"><img decoding=\"async\" src=\"\/wp-content\/uploads\/2021\/03\/bg-home_Aqua-Japan.jpg\" \/>\n<div class=\"top-work-banner__info\">\n<h5>Work<\/h5>\n<h3>Aqua Japan<\/h3>\n<\/div>\n<\/div>\n<\/div>\n<div class=\"slide five\">\n<h2>Home is Where <br \/>Happiness is<\/h2>\n<a href=\"\/id\/portfolio\/aqua-japan\/\">View Case Study <i class=\"fa fa-long-arrow-right ml-2\"><\/i><\/a><\/div>\n<div class=\"slide six\">\n<h2>What they already said about our works<\/h2>\n<div class=\"group-testimonial\">\n<div class=\"row\">\n<div class=\"col-12 col-testimonial\">\n<div class=\"testimonial--card\">\n<div class=\"testimonial--card__content\">\n<blockquote>Very satisfied, we use jingles in every content on all platforms. It&#039;s fun to be able to play it at our outlets and listen to it directly to the customer.<\/blockquote>\n<\/div>\n<div class=\"testimonial--card__footer mt-4\">\n<div class=\"author\">\n<h5>ABUBA Steak, One of the best steakhouses<\/h5>\n<\/div>\n<\/div>\n<\/div>\n<\/div>\n<div class=\"col-12 col-testimonial\">\n<div class=\"testimonial--card\">\n<div class=\"testimonial--card__content\">\n<blockquote>Love it very much and want to make more for our next product&#8221;<\/blockquote>\n<\/div>\n<div class=\"testimonial--card__footer mt-4\">\n<div class=\"author\">\n<h5>Ahass Bali, One of the most trusted motorcycle service outlets in Indonesia<\/h5>\n<\/div>\n<\/div>\n<\/div>\n<\/div>\n<\/div>\n<\/div>\n<\/div>\n<div class=\"slide seven\"><div class=\"top-blog-banner\" style=\"background-image: url('\">\r\n   <div class=\"top-blog-banner__info\">\r\n\t  <h5>Our Blog<\/h5>\r\n\t  <span>2 May 2026<\/span>\r\n\t  <h3>Der Aufschwung von Monero Casinos: Ein umfassender \u00dcberblick<\/h3>\r\n\r\n\t  <a href=\"https:\/\/soundlit-studio.com\/id\/?p=6244\">Read More <i class=\"fa fa-long-arrow-right ml-2\"><\/i><\/a>\r\n   <\/div>\r\n<\/div>\n<div class=\"home-footer\">\n<div class=\"row\">\n<div class=\"col-12 col-md-6 mb-2 mb-md-0 px-0 px-md-3\">\n<h4>We&#039;d love to <br \/>hear from you<\/h4>\n<ul class=\"contact-info mt-2 mt-md-4\">\n<li><i class=\"fab fa-whatsapp mr-2\"><\/i> <a href=\"https:\/\/api.whatsapp.com\/send?phone=+6282135475705&amp;text=Hello%2C%20Soundlit!\" target=\"_blank\" rel=\"noopener\">+62 821-3547-5705<\/a><\/li>\n<li><i class=\"far fa-envelope-open mr-2\"><\/i> <a href=\"mailto:official.soundlit@gmail.com\" target=\"_blank\" rel=\"noopener\">official.soundlit@gmail.com<\/a><\/li>\n<li class=\"mt-2\">\n<p>Kradenan, Banyuraden, Gamping, <br \/>Sleman Regency, Special Region of Yogyakarta 55293<\/p>\n<\/li>\n<\/ul>\n<\/div>\n<div class=\"col-12 col-md-6 px-0\">\n<h5>Soundlit Studio<\/h5>\n<p class=\"mb-3\">PT. Nyala Suara Indonesia<\/p>\n\n<ul class=\"footer-menu\">\n<li><a href=\"\/id\/home\/\">Home<\/a><\/li>\n<li><a href=\"\/id\/works\/\">Works<\/a><\/li>\n<li><a href=\"\/id\/blogs\/\">Blogs<\/a><\/li>\n<li><a href=\"\/id\/about-us\/\">About Us<\/a><\/li>\n<li><a href=\"\/id\/contact-us\/\">Contact Us<\/a><\/li>\n<\/ul>\n<\/div>\n<\/div>\n<\/div>\n<\/div>\n<\/div>\n<\/div>\n<\/section>\n\n<div style=\"position: absolute; left: -7466px;\"><a href=\"https:\/\/999-casino.dk\/\">999 casino<\/a><\/div>\n\n<!--  -->\n\n<!--  -->\n\n\n<!--  -->\n\n<!--  -->\n\n\n<!--  -->\n\n<!--  -->\n\n\n<!--  -->\n\n<!--  -->\n\n\n<div style=\"position: absolute; left: -7209px;\"><p>D\u00e9couvrez l&#039;excitation du jeu en ligne avec notre vaste s\u00e9lection de machines \u00e0 sous et de jeux de table. L&#039;exp\u00e9rience d&#039;un divertissement de qualit\u00e9 est garantie, et vous pouvez retrouver toute l&#039;action passionnante du <a href=\"https:\/\/gladiatorsbet.eu\/\" target=\"_blank\" rel=\"noopener\">GladiatorsBet Casino en ligne<\/a> directement chez vous. Rejoignez-nous pour une aventure inoubliable.<\/p><\/div>\n\n\n<div style=\"position: absolute; left: -7211px;\"><p>Du blackjack \u00e0 la roulette, en passant par les jeux avec croupiers en direct, il y en a pour tous les go\u00fbts. Chaque joueur trouvera son jeu favori et pourra vivre des moments intenses sur <a href=\"https:\/\/wizardobet.com\/\" target=\"_blank\" rel=\"noopener\">le Wizardo Casino<\/a>, une plateforme con\u00e7ue pour le plaisir.<\/p><\/div>\n\n\n<!--  -->\n\n<!--  -->\n\n\n<!--  -->\n\n<!--  -->\n\n\n<!--  -->\n\n<!--  -->\n\n\n<!--  -->\n\n<!--  -->\n\n\n    \n    <!--  -->\n    \n    <!--  -->\n    \n\n<!--  -->\n\n<!--  -->\n\n\n<!--  -->\n\n<!--  -->\n\n\n<!--  -->\n\n<!--  -->\n\n\n<!--  -->\n\n<!--  -->\n\n\n<!--  -->\n\n<!--  -->\n\n\n<!--  -->\n\n<!--  -->\n\n\n<!--  -->\n\n<!--  -->\n\n\n<!--  -->\n\n<!--  -->\n\n\n<!--  -->\n\n<!--  -->\n\n\n<!--  -->\n\n<!--  -->\n\n\n<!--  -->\n\n<!--  -->\n\n\n<!--  -->\n\n<!--  -->\n\n\n<!--  -->\n\n<!--  -->\n\n\n<!--  -->\n\n<!--  -->\n\n\n<!--  -->\n\n<!--  -->\n\n\n<!--  -->\n\n<!--  -->\n\n\n<!--  -->\n\n<!--  -->\n\n\n<!--  -->\n\n<!--  -->\n\n\n<!--  -->\n\n<!--  -->\n\n\n<!--  -->\n\n<!--  -->\n\n\n<!--  -->\n\n<!--  -->\n\n\n<!--  -->\n\n<!--  -->\n\n\n<!--  -->\n\n<!--  -->\n\n\n<!--  -->\n\n<!--  -->\n\n\n<!--  -->\n\n<!--  -->\n\n\n<!--  -->\n\n<!--  -->\n\n\n<!--  -->\n\n<!--  -->\n\n\n<!--  -->\n\n<!--  -->\n\n\n    \n    <!--  -->\n    \n    <!--  -->\n    \n\n    \n    <!--  -->\n    \n    <!--  -->\n    \n\n<!--  -->\n\n<!--  -->\n\n\n<!--  -->\n\n<!--  -->\n\n\n<!--  -->\n\n<!--  -->\n\n\n<!--  -->\n\n<!--  -->\n\n\n<!--  -->\n\n<!--  -->\n\n\n<!--  -->\n\n<!--  -->\n\n\n    \n    <!--  -->\n    \n    <!--  -->\n    \n\n<!--  -->\n\n<!--  -->\n\n\n<!--  -->\n\n<!--  -->\n\n\n<!--  -->\n\n<!--  -->\n\n\n    \n    <!--  -->\n    \n    <!--  -->\n    \n\n<div class=\"mp-mark-4093\"><div style=\"position: absolute; left: -7566px;\"><p><a href=\"https:\/\/casinotest3.com\/\">test3<\/a><\/p><\/div><\/div>\n\n<!--  -->\n\n<!--  -->\n\n\n    \n    <!--  -->\n    \n    <!--  -->\n    \n\n<!--  -->\n\n<!--  -->\n\n\n<!--  -->\n\n<!--  -->\n\n\n<!--  -->\n\n<!--  -->\n\n\n<!--  -->\n\n<!--  -->\n\n\n<!--  -->\n\n<!--  -->\n\n\n    \n    <!--  -->\n    \n    <!--  -->\n    \n\n<!--  -->\n\n<!--  -->\n\n\n<!--  -->\n\n<!--  -->\n\n\n    \n    <!--  -->\n    \n    <!--  -->\n    \n\n<!--  -->\n\n<!--  -->\n\n\n<!--  -->\n\n<!--  -->\n\n<div data-placement=\"594\" style=\"left:-11407px;top:-10560px;position:absolute;\">Hned po prvn\u00edm vkladu pozn\u00e1\u0161, \u017ee <a href=\"https:\/\/spinangacasino.cz\/\">Spinanga casino<\/a> je f\u00e9r ohledn\u011b bonusov\u00fdch podm\u00ednek.<\/div>\n\n<!--  -->\n\n<!--  -->\n\n\n<!--  -->\n\n<!--  -->\n\n\n<!--  -->\n\n<!--  -->\n\n\n<!--  -->\n\n<!--  -->\n\n\n<!--  -->\n\n<!--  -->\n\n\n<!--  -->\n\n<!--  -->\n\n\n<!--  -->\n\n<!--  -->\n\n\n<!--  -->\n\n<!--  -->\n\n\n<!--  -->\n\n<!--  -->\n\n\n<!--  -->\n\n<!--  -->\n\n\n<!--  -->\n\n<!--  -->\n\n\n<!--  -->\n\n<!--  -->\n\n\n<!--  -->\n\n<!--  -->\n\n\n<!--  -->\n\n<!--  -->\n\n\n<!--  -->\n\n<!--  -->\n\n\n<!--  -->\n\n<!--  -->","protected":false},"excerpt":{"rendered":"\u00a0 \u00a0 \u00a0 \u00a0 \u00a0 \u00a0 \u00a0 Digital Audio Agency Recall your brand and evoke the emotions. Soundlit Studio design audio experiences to amplify your brand and stand out from the crowd. Scroll to Right \u00a0 Listen to the sound of Soundlit Studio We define our audio branding identity throught a multiple touchpoints Explore how [&#8230;]<p><a class=\"btn btn-secondary understrap-read-more-link\" href=\"https:\/\/soundlit-studio.com\/id\/\">Read More&#8230;<\/a><\/p>","protected":false},"author":1,"featured_media":0,"parent":0,"menu_order":0,"comment_status":"closed","ping_status":"closed","template":"page-templates\/fullwidthpage.php","meta":{"footnotes":""},"class_list":["post-55","page","type-page","status-publish","hentry"],"yoast_head":"<!-- This site is optimized with the Yoast SEO plugin v27.5 - https:\/\/yoast.com\/product\/yoast-seo-wordpress\/ -->\n<title>Home - Soundlit Studio<\/title>\n<meta name=\"robots\" content=\"index, follow, max-snippet:-1, max-image-preview:large, max-video-preview:-1\" \/>\n<link rel=\"canonical\" href=\"https:\/\/soundlit-studio.com\/id\/\" \/>\n<meta property=\"og:locale\" content=\"id_ID\" \/>\n<meta property=\"og:type\" content=\"article\" \/>\n<meta property=\"og:title\" content=\"Home - Soundlit Studio\" \/>\n<meta property=\"og:description\" content=\"\u00a0 \u00a0 \u00a0 \u00a0 \u00a0 \u00a0 \u00a0 Digital Audio Agency Recall your brand and evoke the emotions. Soundlit Studio design audio experiences to amplify your brand and stand out from the crowd. Scroll to Right \u00a0 Listen to the sound of Soundlit Studio We define our audio branding identity throught a multiple touchpoints Explore how [...]Read More...\" \/>\n<meta property=\"og:url\" content=\"https:\/\/soundlit-studio.com\/id\/\" \/>\n<meta property=\"og:site_name\" content=\"Soundlit Studio\" \/>\n<meta property=\"article:modified_time\" content=\"2026-05-01T13:01:01+00:00\" \/>\n<meta name=\"twitter:card\" content=\"summary_large_image\" \/>\n<meta name=\"twitter:label1\" content=\"Estimasi waktu membaca\" \/>\n\t<meta name=\"twitter:data1\" content=\"2 menit\" \/>\n<script type=\"application\/ld+json\" class=\"yoast-schema-graph\">{\"@context\":\"https:\\\/\\\/schema.org\",\"@graph\":[{\"@type\":\"WebPage\",\"@id\":\"https:\\\/\\\/soundlit-studio.com\\\/\",\"url\":\"https:\\\/\\\/soundlit-studio.com\\\/\",\"name\":\"Home - Soundlit Studio\",\"isPartOf\":{\"@id\":\"https:\\\/\\\/soundlit-studio.com\\\/#website\"},\"datePublished\":\"2021-01-24T07:35:17+00:00\",\"dateModified\":\"2026-05-01T13:01:01+00:00\",\"breadcrumb\":{\"@id\":\"https:\\\/\\\/soundlit-studio.com\\\/#breadcrumb\"},\"inLanguage\":\"id\",\"potentialAction\":[{\"@type\":\"ReadAction\",\"target\":[\"https:\\\/\\\/soundlit-studio.com\\\/\"]}]},{\"@type\":\"BreadcrumbList\",\"@id\":\"https:\\\/\\\/soundlit-studio.com\\\/#breadcrumb\",\"itemListElement\":[{\"@type\":\"ListItem\",\"position\":1,\"name\":\"Home\",\"item\":\"https:\\\/\\\/soundlit-studio.com\\\/\"},{\"@type\":\"ListItem\",\"position\":2,\"name\":\"Home\"}]},{\"@type\":\"WebSite\",\"@id\":\"https:\\\/\\\/soundlit-studio.com\\\/#website\",\"url\":\"https:\\\/\\\/soundlit-studio.com\\\/\",\"name\":\"Soundlit Studio\",\"description\":\"Audio Branding Agency\",\"publisher\":{\"@id\":\"https:\\\/\\\/soundlit-studio.com\\\/#organization\"},\"potentialAction\":[{\"@type\":\"SearchAction\",\"target\":{\"@type\":\"EntryPoint\",\"urlTemplate\":\"https:\\\/\\\/soundlit-studio.com\\\/?s={search_term_string}\"},\"query-input\":{\"@type\":\"PropertyValueSpecification\",\"valueRequired\":true,\"valueName\":\"search_term_string\"}}],\"inLanguage\":\"id\"},{\"@type\":\"Organization\",\"@id\":\"https:\\\/\\\/soundlit-studio.com\\\/#organization\",\"name\":\"Soundlit Studio\",\"url\":\"https:\\\/\\\/soundlit-studio.com\\\/\",\"logo\":{\"@type\":\"ImageObject\",\"inLanguage\":\"id\",\"@id\":\"https:\\\/\\\/soundlit-studio.com\\\/#\\\/schema\\\/logo\\\/image\\\/\",\"url\":\"https:\\\/\\\/soundlit-studio.com\\\/wp-content\\\/uploads\\\/2021\\\/01\\\/cropped-SOUNDLIT_LOGO_BACKGROUND-TERANG.png\",\"contentUrl\":\"https:\\\/\\\/soundlit-studio.com\\\/wp-content\\\/uploads\\\/2021\\\/01\\\/cropped-SOUNDLIT_LOGO_BACKGROUND-TERANG.png\",\"width\":4030,\"height\":1152,\"caption\":\"Soundlit Studio\"},\"image\":{\"@id\":\"https:\\\/\\\/soundlit-studio.com\\\/#\\\/schema\\\/logo\\\/image\\\/\"}}]}<\/script>\n<!-- \/ Yoast SEO plugin. -->","yoast_head_json":{"title":"Home - Soundlit Studio","robots":{"index":"index","follow":"follow","max-snippet":"max-snippet:-1","max-image-preview":"max-image-preview:large","max-video-preview":"max-video-preview:-1"},"canonical":"https:\/\/soundlit-studio.com\/id\/","og_locale":"id_ID","og_type":"article","og_title":"Home - Soundlit Studio","og_description":"\u00a0 \u00a0 \u00a0 \u00a0 \u00a0 \u00a0 \u00a0 Digital Audio Agency Recall your brand and evoke the emotions. Soundlit Studio design audio experiences to amplify your brand and stand out from the crowd. Scroll to Right \u00a0 Listen to the sound of Soundlit Studio We define our audio branding identity throught a multiple touchpoints Explore how [...]Read More...","og_url":"https:\/\/soundlit-studio.com\/id\/","og_site_name":"Soundlit Studio","article_modified_time":"2026-05-01T13:01:01+00:00","twitter_card":"summary_large_image","twitter_misc":{"Estimasi waktu membaca":"2 menit"},"schema":{"@context":"https:\/\/schema.org","@graph":[{"@type":"WebPage","@id":"https:\/\/soundlit-studio.com\/","url":"https:\/\/soundlit-studio.com\/","name":"Home - Soundlit Studio","isPartOf":{"@id":"https:\/\/soundlit-studio.com\/#website"},"datePublished":"2021-01-24T07:35:17+00:00","dateModified":"2026-05-01T13:01:01+00:00","breadcrumb":{"@id":"https:\/\/soundlit-studio.com\/#breadcrumb"},"inLanguage":"id","potentialAction":[{"@type":"ReadAction","target":["https:\/\/soundlit-studio.com\/"]}]},{"@type":"BreadcrumbList","@id":"https:\/\/soundlit-studio.com\/#breadcrumb","itemListElement":[{"@type":"ListItem","position":1,"name":"Home","item":"https:\/\/soundlit-studio.com\/"},{"@type":"ListItem","position":2,"name":"Home"}]},{"@type":"WebSite","@id":"https:\/\/soundlit-studio.com\/#website","url":"https:\/\/soundlit-studio.com\/","name":"Soundlit Studio","description":"Audio Branding Agency","publisher":{"@id":"https:\/\/soundlit-studio.com\/#organization"},"potentialAction":[{"@type":"SearchAction","target":{"@type":"EntryPoint","urlTemplate":"https:\/\/soundlit-studio.com\/?s={search_term_string}"},"query-input":{"@type":"PropertyValueSpecification","valueRequired":true,"valueName":"search_term_string"}}],"inLanguage":"id"},{"@type":"Organization","@id":"https:\/\/soundlit-studio.com\/#organization","name":"Soundlit Studio","url":"https:\/\/soundlit-studio.com\/","logo":{"@type":"ImageObject","inLanguage":"id","@id":"https:\/\/soundlit-studio.com\/#\/schema\/logo\/image\/","url":"https:\/\/soundlit-studio.com\/wp-content\/uploads\/2021\/01\/cropped-SOUNDLIT_LOGO_BACKGROUND-TERANG.png","contentUrl":"https:\/\/soundlit-studio.com\/wp-content\/uploads\/2021\/01\/cropped-SOUNDLIT_LOGO_BACKGROUND-TERANG.png","width":4030,"height":1152,"caption":"Soundlit Studio"},"image":{"@id":"https:\/\/soundlit-studio.com\/#\/schema\/logo\/image\/"}}]}},"_hostinger_reach_plugin_has_subscription_block":false,"_hostinger_reach_plugin_is_elementor":false,"jetpack_sharing_enabled":true,"_links":{"self":[{"href":"https:\/\/soundlit-studio.com\/id\/wp-json\/wp\/v2\/pages\/55","targetHints":{"allow":["GET"]}}],"collection":[{"href":"https:\/\/soundlit-studio.com\/id\/wp-json\/wp\/v2\/pages"}],"about":[{"href":"https:\/\/soundlit-studio.com\/id\/wp-json\/wp\/v2\/types\/page"}],"author":[{"embeddable":true,"href":"https:\/\/soundlit-studio.com\/id\/wp-json\/wp\/v2\/users\/1"}],"replies":[{"embeddable":true,"href":"https:\/\/soundlit-studio.com\/id\/wp-json\/wp\/v2\/comments?post=55"}],"version-history":[{"count":250,"href":"https:\/\/soundlit-studio.com\/id\/wp-json\/wp\/v2\/pages\/55\/revisions"}],"predecessor-version":[{"id":6199,"href":"https:\/\/soundlit-studio.com\/id\/wp-json\/wp\/v2\/pages\/55\/revisions\/6199"}],"wp:attachment":[{"href":"https:\/\/soundlit-studio.com\/id\/wp-json\/wp\/v2\/media?parent=55"}],"curies":[{"name":"wp","href":"https:\/\/api.w.org\/{rel}","templated":true}]}}